{"id":8421,"date":"2025-03-25T13:32:45","date_gmt":"2025-03-25T13:32:45","guid":{"rendered":"https:\/\/www.si-el.lucarulvoni.it\/electronics\/?page_id=8421"},"modified":"2025-03-28T11:16:12","modified_gmt":"2025-03-28T11:16:12","slug":"condizioni-vendita","status":"publish","type":"page","link":"http:\/\/www.si-el.it\/electronics\/condizioni-vendita\/","title":{"rendered":"Condizioni Vendita"},"content":{"rendered":"<div class=\"wpb-content-wrapper\"><p>[vc_row][vc_column][vc_empty_space height=&#8221;64px&#8221;][vc_column_text css=&#8221;&#8221;]<\/p>\n<div class=\"wpb-content--blank\">\n<article id=\"post-8417\" class=\"post-8417 page type-page status-publish hentry\">\n<div class=\"entry-content\">\n<div class=\"wpb-content-wrapper\">\n<div class=\"vc_row wpb_row vc_row-fluid\">\n<div class=\"wpb_column vc_column_container vc_col-sm-12\">\n<div class=\"vc_column-inner\">\n<div class=\"wpb_wrapper\">\n<div class=\"wpb_text_column wpb_content_element\">\n<div class=\"wpb_wrapper\">\n<p><strong>CONDIZIONI GENERALI DI VENDITA<\/strong><\/p>\n<p>&nbsp;<\/p>\n<ol>\n<li><strong>Applicazione delle Condizioni<\/strong><\/li>\n<\/ol>\n<p>1.1 Le presenti Condizioni Generali di Vendita regolano tutti i rapporti tra SI-EL\u00a0 s.r.l\u00a0 via Sansovino 217<br \/>\n10151 Torino (di seguito \u201cSI-EL\u201d), nella sua qualit\u00e0 di distributore, ed il Cliente, se non espressamente derogate da condizioni particolari accettate per iscritto dalla stessa SI-EL.<\/p>\n<ol start=\"2\">\n<li>Natura e uso dei prodotti venduti<\/li>\n<\/ol>\n<p>2.1 I prodotti venduti da SI-EL dovranno essere utilizzati solo ed esclusivamente per gli scopi indicati dai rispettivi produttori originari. Il Cliente dovr\u00e0 attenersi alle specifiche dei prodotti del fabbricante o del fornitore.<\/p>\n<p>2.2 I prodotti venduti da SI-EL non sono stati progettati per essere utilizzati in apparecchi o sistemi destinati ad essere inseriti chirurgicamente nel corpo umano, ovvero che mantengano o controllino la vita, in apparecchi o sistemi destinati ad uso nucleare.<\/p>\n<p>2.3 I prodotti sono soggetti a diritti di terzi, quali, a titolo esemplificativo, brevetti, diritti d\u2019autore e\/o licenze; il Cliente dovr\u00e0 rispettare tali diritti.<\/p>\n<p>2.4 Il Cliente dovr\u00e0 mantenere indenne e manlevare SI-EL ed il costruttore del prodotto, nella pi\u00f9 ampia estensione consentita dalla legge, da qualsiasi responsabilit\u00e0, danno, onere o costo derivante dall\u2019inosservanza da parte del Cliente in merito ai disposti del presente articolo.<\/p>\n<ol start=\"3\">\n<li>Richieste di fornitura<\/li>\n<\/ol>\n<p>3.1 Le richieste di fornitura sono emesse dal Cliente per e-mail, lettera, telefax o piattaforma dedicata. SI-EL si riserva la facolt\u00e0 di non accettare richieste telefoniche e\/o verbali. Ogni clausola o condizione particolare di acquisto contenuta nella richiesta di fornitura emessa dal Cliente, che sia in contrasto con le presenti Condizioni Generali di Vendita, non avr\u00e0 efficacia se non accettata per iscritto da SI-EL.<\/p>\n<ol start=\"4\">\n<li>Perfezionamento del contratto<\/li>\n<\/ol>\n<p>4.1 L\u2019offerta emessa da SI-EL, a seguito della richiesta del Cliente, non costituisce proposta di contratto ai sensi dell\u2019art. 1326 C. C. e non \u00e8 quindi in alcun caso impegnativa per la SI-EL, avendo un puro carattere orientativo sulla disponibilit\u00e0 a fornire i prodotti e sui relativi prezzi. Essa, pertanto, \u00e8 soggetta a possibili cambiamenti.<\/p>\n<p>4.2 A fronte di ogni ordine SI-EL, se lo ritiene, emetter\u00e0 una conferma d\u2019ordine scritta. Eventuali informazioni e\/o dati sulle caratteristiche e\/o specifiche tecniche dei prodotti contenute in cataloghi, listini prezzi e\/o documenti similari non saranno vincolanti per SI-EL.<\/p>\n<ol start=\"5\">\n<li>Prezzi<\/li>\n<\/ol>\n<p>5.1 I prezzi di vendita si intendono al netto dell\u2019IVA e non comprendono tasse, imposte, spese di trasporto n\u00e9 altre spese e commissioni.<\/p>\n<p>5.2 I prezzi indicati da SI-EL nell\u2019offerta o nella conferma d\u2019ordine potranno subire variazioni in caso di improvvisi ed eccezionali incrementi di prezzo apportati dal costruttore a fronte di mutate situazioni di mercato.<\/p>\n<p>5.3 I prodotti eventualmente reperiti sul libero mercato internazionale possono essere soggetti in qualsiasi momento a variazione di prezzo e di effettiva disponibilit\u00e0.<\/p>\n<p>5.4 Il tasso di cambio Euro\/US$ applicato ai prezzi di vendita sar\u00e1 esclusivamente quello riportato nella conferma d \u0301ordine emessa da SI-EL. Pertanto, qualora alla data della spedizione del materiale il tasso di cambio Euro\/US$ pubblicato dalla Banca d\u2019Italia sia variato, in aumento o in diminuzione, rispetto al tasso sopra indicato, il prezzo di vendita verr\u00e0 adeguato in aumento o in diminuzione in misura corrispondente alla predetta variazione.<\/p>\n<ol start=\"6\">\n<li>Consegna e spedizione<\/li>\n<\/ol>\n<p>6.1 Salvo patto contrario, SI-EL consegner\u00e0 i prodotti venduti rimettendoli a vettori convenzionati; i prodotti vengono venduti con resa franco magazzino di SI-EL. Il rischio del trasporto \u00e8 a totale carico del Cliente e i prodotti risulteranno a tutti gli effetti consegnati al Cliente nel momento in cui essi vengono da SI-EL consegnati al vettore o ritirati dal Cliente presso il magazzino di SI-EL.<\/p>\n<p>6.2 Le spese di consegna e spedizione sono a carico del Cliente.<\/p>\n<p>6.3 I termini di consegna previsti da SI-EL sono indicativi e non essenziali. Tali termini sono comunque soggetti all\u2019effettiva disponibilit\u00e0 e reperibilit\u00e0 dei prodotti presso i fornitori di SI-EL ed alla circostanza che il Cliente sia in regola con il pagamento degli eventuali importi scaduti relativi a forniture precedenti. SI-EL non potr\u00e0 essere considerata responsabile per eventuali danni o qualsiasi penalit\u00e0 derivante da una ritardata consegna.<\/p>\n<p>6.4 SI-EL si riserva altres\u00ec il diritto di effettuare consegne parziali con conseguente emissione di fatture da pagarsi nei termini concordati. Qualora SI-EL consegni un quantitativo di prodotti inferiore rispetto a quello ordinato, il Cliente non \u00e8 liberato dall\u2019obbligo di accettare la consegna e di pagare i prodotti consegnati.<\/p>\n<p>6.5 SI-EL si riserva il diritto di poter effettuare la consegna dei prodotti in anticipo rispetto alla data prevista.<\/p>\n<p>6.6 Eventuali reclami o contestazioni sui prodotti oggetto della vendita, non danno diritto al Cliente di sospendere, o comunque ritardare, i pagamenti.<\/p>\n<p>6.7 Qualora SI-EL evada l\u2019ordine oltre i termini di consegna previsti, il Cliente non avr\u00e0 diritto di chiedere la risoluzione del contratto, n\u00e9 di avanzare richieste di risarcimento danni e\/o di penalit\u00e0.<\/p>\n<ol start=\"7\">\n<li>Condizioni di pagamento<\/li>\n<\/ol>\n<p>7.1 Tutte le fatture debbono essere pagate presso la sede legale di SI-EL in Torino, Via Sansovino, 217\u00a0 nei termini e con le modalit\u00e0 concordate, indipendentemente da eventuali anomalie intervenute durante il periodo di garanzia e dalle necessit\u00e0 di eventuali collaudi. SI-EL si riserva il diritto di emettere ricevute bancarie e\/o tratte senza che questo costituisca deroga al comma 3) dell\u2019art. 1182 C.C.<\/p>\n<p>7.2 Ai Clienti che emettono per la prima volta ordini alla SI-EL, il pagamento potr\u00e0 essere richiesto per contanti o a mezzo assegno circolare al ritiro dei prodotti.<\/p>\n<p>7.3 Eventuali contestazioni relative alle fatture devono pervenire mediante lettera raccomandata con ricevuta di ritorno alla SI-EL entro 8 giorni dalla data di ricezione delle stesse, diversamente non saranno prese in considerazione e le fatture stesse si intenderanno accettate senza alcuna riserva.<\/p>\n<p>7.4 I ritardi nei pagamenti comporteranno l\u2019addebito degli interessi moratori al tasso di cui al D. Lgs. 231\/2002.<\/p>\n<p>7.5 Non potranno essere applicati sconti se non espressamente autorizzati dalla SI-EL.<\/p>\n<p>Il Cliente non \u00e8 autorizzato ad effettuare alcuna deduzione del valore stabilito (ad es. pagamento anticipato, o in caso di pretesi difetti dei prodotti), se non previo accordo scritto con SI-EL.<\/p>\n<p>7.6 SI-EL, qualora abbia motivo di ritenere che il Cliente non possa e\/o non intenda pagare i prodotti alla scadenza convenuta, potr\u00e0 subordinare la consegna dei prodotti alla presentazione di adeguate garanzie di pagamento.<\/p>\n<ol start=\"8\">\n<li>Restituzione di prodotti<\/li>\n<\/ol>\n<p>8.1 Qualsiasi restituzione di prodotti dovr\u00e0 essere preventivamente autorizzata per iscritto da SI-EL.<\/p>\n<p>8.2 I resi saranno accettati solo se accompagnati dal Nr. R.M.A. (Autorizzazione Reso Materiale). Tutti i prodotti resi dovranno essere in confezioni originali e imballati adeguatamente. Tutti i prodotti resi dovranno essere riconsegnati secondo le modalit\u00e0 descritte nello R.M.A<\/p>\n<p>8.3 I prodotti trovati non conformi alle specifiche standard e\/o nelle condizioni di cui al punto precedente saranno restituiti al Cliente a spese di questo.<\/p>\n<ol start=\"9\">\n<li>Sospensione delle consegne e risoluzione contrattuale<\/li>\n<\/ol>\n<p>9.1 SI-EL si riserva il diritto di sospendere le consegne qualora il Cliente non effettui anche un solo pagamento alla scadenza stabilita, o sia inadempiente ad altri contratti o, in genere, a qualsiasi altra obbligazione.<\/p>\n<p>9.2 Successivamente alla conclusione di ciascuno singolo contratto di vendita, qualora le condizioni economiche e\/o finanziarie del Cliente si modifichino (ad esempio a seguito della levata di protesti cambiari, della sussistenza di procedimenti esecutivi, di liquidazione volontaria o giudiziaria, ovvero nel caso di mancato o ritardato pagamento) SI-EL, fatto salvo quanto previsto al punto precedente, si riserva il diritto di dichiarare il Cliente decaduto dal beneficio del termine ex art. 1186 c.c. e di risolvere con effetto immediato i singoli contratti, richiedendo altres\u00ec l\u2019immediato pagamento dello scaduto e delle fatture a scadere, a mezzo lettera raccomandata con avviso di ricevimento.<\/p>\n<p>9.3 I termini di pagamento indicati in fattura sono essenziali in favore di SI-EL e tassativi.<\/p>\n<ol start=\"10\">\n<li>Cancellazione di ordini e riprogrammazione<\/li>\n<\/ol>\n<p>10.1 Eventuali cancellazioni di ordini o diminuzioni di quantit\u00e0 dovranno essere preventivamente autorizzate da SI-EL.<\/p>\n<p>10.2 Per gli ordini con consegne programmate, la riprogrammazione delle consegne dovr\u00e0 essere concordata per iscritto con SI-EL, che, comunque, a proprio insindacabile giudizio, si riserva il diritto di non accettare la richiesta del Cliente. In ogni caso la riprogrammazione delle consegne non potr\u00e0 avvenire se non con un preavviso di almeno 30 giorni di anticipo rispetto alla prima scadenza utile. SI-EL avr\u00e0 in tal caso il diritto di addebitare un importo pari al 1% mensile del valore dei prodotti inutilizzati quale rimborso per costo di materiale immobilizzato.<\/p>\n<p>10.3 In ogni caso, per gli ordini relativi a prodotti non standard, value added products (programmati, custom, .. ), prodotti in Last Buy Order, prodotti obsoleti, prodotti leaded, ovvero tutti quei prodotti che SI-EL classifica come \u201cNCNR\u201d o \u201cNon Cancellabili e Non Ritornabili\u201d non potr\u00e0 essere accettata alcuna richiesta di cancellazione, totale o parziale, per alcun motivo.<\/p>\n<p>&nbsp;<\/p>\n<p>&nbsp;<\/p>\n<ol start=\"11\">\n<li>Esecuzione<\/li>\n<\/ol>\n<p>11.1 L\u2019esecuzione, anche parziale, di un ordine da parte di SI-EL o di qualsiasi altra prestazione nei confronti del Cliente non potranno aver valore di, n\u00e9 potranno essere interpretati come, tacita o implicita accettazione di condizioni o clausole contrattuali del Cliente, a meno che non che non siano state espressamente sottoscritte dal legale rappresentante di SI-EL.<\/p>\n<p>&nbsp;<\/p>\n<p>11.2 La mancata contestazione da parte di SI-EL a qualsivoglia documento, comunicazione o azione del Cliente non \u00e8 da considerarsi rinuncia a un diritto n\u00e9 alla disposizione delle presenti condizioni generali di contratto.<\/p>\n<ol start=\"12\">\n<li>Garanzia<\/li>\n<\/ol>\n<p>12.1 I prodotti venduti da SI-EL sono indenni da vizi e sono garantiti per un periodo di dodici mesi dalla data di consegna al Cliente. SI-EL trasferir\u00e0 al Cliente la garanzia che riceve dal fabbricante.<\/p>\n<p>12.2 La garanzia ha efficacia esclusivamente nei confronti del Cliente diretto di SI-EL; eventuali reclami presentati da soggetti terzi, anche aventi causa dei Clienti di SI-EL, non potranno essere accettati.<\/p>\n<p>12.3 SI-EL non fornisce alcuna altra garanzia, espressa o implicita, quale la garanzia di commerciabilit\u00e0, adeguatezza allo scopo o non violazione.<\/p>\n<p>12.4 Eventuali difetti o vizi dei prodotti dovranno esserci denunciati per iscritto con la massima sollecitudine, e comunque non oltre 8 giorni dalla data del ricevimento dei prodotti o dalla data in cui essi sono stati scoperti se si tratta di vizi occulti.<\/p>\n<p>12.5 In ipotesi di accertati e tempestivamente denunciati vizi, difetti o mancanza di qualit\u00e0 dei prodotti, SI-EL sar\u00e0 tenuta unicamente ed esclusivamente alla sostituzione, riparazione o riaccredito, a sua scelta, dei prodotti difettosi, con esclusione, nella pi\u00f9 ampia estensione consentita dalla legge, di qualsiasi diversa ed ulteriore responsabilit\u00e0 per danni, sia diretti che indiretti, che possano verificarsi, al Cliente o a terzi.<\/p>\n<p>12.6 I campioni, i prototipi ed i prodotti in sviluppo sono consegnati da SI-EL, ed accettati dal Cliente, come sono e senza garanzia.<\/p>\n<p>12.7 Non trattandosi di vendita al consumatore non si applica il disposto del D. Lgs. 06.09.2005 n. 206.<\/p>\n<ol start=\"13\">\n<li>Conformit\u00e0 del prodotto e informazioni<\/li>\n<\/ol>\n<p>13.1 SI-EL fornisce ai Clienti le informazioni sui prodotti cos\u00ec come le pervengono da parte dei produttori degli stessi; esse non costituiscono parte integrante delle<\/p>\n<p>propriet\u00e0 dei prodotti. L\u2019evidenza della conformit\u00e0 dei prodotti si riferisce quindi a quanto dichiarato dal produttore. SI-EL non fornisce alcuna garanzia<\/p>\n<p>sull\u2019accuratezza o sulla completezza delle informazioni sui prodotti e non garantisce che le informazioni messe a disposizione dei propri Clienti siano aggiornate, accurate e complete; le stesse possono essere soggette a modifica in qualsiasi momento e non sono da considerarsi in sostituzione delle informazioni ufficiali emesse dai produttori dei beni commercializzati da SI-EL.<\/p>\n<p>13.2 SI-EL consiglia al Cliente di verificare sempre ogni informazione sui prodotti prima del loro utilizzo o prima di agire in conformit\u00e0 ad esse. Tutte le informazioni sui prodotti sono soggette a modifiche senza preavviso.<\/p>\n<p>13.3 E\u2019 esclusa qualsiasi responsabilit\u00e0 di SI-EL per danni che possano verificarsi, ai Clienti o a terzi, a seguito ed in conseguenza delle informazioni sui prodotti.<\/p>\n<ol start=\"14\">\n<li><strong>Forza maggiore<\/strong><\/li>\n<\/ol>\n<p>14.1 SI-EL non sar\u00e0 responsabile, se non per grave negligenza, per la mancata esecuzione dei singoli contratti e\/o per l\u2019eventuale ritardo nell\u2019adempimento delle proprie obbligazioni e il Cliente non avr\u00e0 titolo di richiedere la risoluzione e\/o il risarcimento dei danni, qualora ci\u00f2 derivi:<\/p>\n<ol>\n<li>a) da cause non ragionevolmente attribuibili alla SI-EL stessa,<\/li>\n<li>b) dalla necessit\u00e0 di conformarsi a leggi, regolamenti, ordini, atti o richieste di autorit\u00e0 governativa, amministrativa, civile o militare, o da organi che da esse dipendano;<\/li>\n<li>c) da azioni o omissioni del Cliente stesso e\/o da cause di forza maggiore, quali, a puro titolo esemplificativo, incendi, inondazioni, intemperie, scioperi o simili a manifestazioni, serrate, chiusure o modifiche della fabbrica, embarghi, guerre, tumulti popolari, ritardi o deficienze del trasporto, impossibilit\u00e0 di ottenere la consegna dei prodotti da parte dei fornitori internazionali, nei tempi in precedenza concordati o per altre cause similari.<\/li>\n<li>Diritto di ritenzione \u2013 Compensazione<\/li>\n<\/ol>\n<p>15.1 Il Cliente non ha il diritto di ritenzione sui prodotti fornitigli da SI-EL n\u00e9 potr\u00e0 effettuare alcuna compensazione con eventuali controcrediti vantati nei confronti di SI-EL.<\/p>\n<ol start=\"16\">\n<li><strong>Riservatezza<\/strong><\/li>\n<\/ol>\n<p>16.1 Il Cliente si obbliga a non utilizzare e a non rivelare, divulgare e\/o diffondere a terzi, n\u00e9 direttamente n\u00e9 indirettamente, per interposta persona, ente o societ\u00e0, con qualsiasi mezzo ed in qualunque modo, le notizie e\/o informazioni oggettivamente o soggettivamente riservate di cui sia venuto a conoscenza in occasione e\/o nell\u2019adempimento del rapporto contrattuale intercorso e\/o intercorrente con SI-EL.<\/p>\n<ol start=\"17\">\n<li><strong>Protezione dati<\/strong><\/li>\n<\/ol>\n<p>17.1 Ai sensi e per gli effetti di quanto previsto dal Regolamento (UE) 2016\/679 del Parlamento europeo e del Consiglio, del 27 aprile 2016, relativo alla protezione delle persone fisiche con riguardo al trattamento dei dati personali, nonch\u00e9 alla libera circolazione di tali dati e che abroga la direttiva 95\/46\/CE (Regolamento Generale sulla Protezione dei Dati \u2013 RGPD) SI-EL garantisce che i dati personali di titolarit\u00e0 del Cliente oggetto di trattamento, saranno custoditi e controllati, mediante l\u2019adozione di idonee e preventive misure di sicurezza, in modo di ridurre al minimo, anche in relazione alla natura dei dati ed alle specifiche caratteristiche del trattamento, i rischi di distruzione, perdita o divulgazione, anche accidentale, dei dati stessi, di accesso non autorizzato o di trattamento non consentito o non conforme alle finalit\u00e0 della raccolta. SI-EL garantisce, inoltre, di aver adottato le misure minime di sicurezza richieste dalla Legge. Il Cliente dichiara inoltre di aver ricevuto, compreso ed accettato l\u2019informativa ai sensi dell\u2019art 13 RGDP.<\/p>\n<ol start=\"18\">\n<li><strong>Giurisdizione e Foro competente<\/strong><\/li>\n<\/ol>\n<p>Le presenti Condizioni Generali di vendita, cos\u00ec come i singoli contratti di vendita tra il Cliente ed SI-EL sono soggetti alla legge italiana; per qualsiasi eventuale<\/p>\n<p>controversia, sar\u00e0 esclusivamente competente il Foro di Torino.<\/p>\n<p>&nbsp;<\/p>\n<p>&nbsp;<\/p>\n<ol start=\"19\">\n<li><strong>Modifiche<\/strong><\/li>\n<\/ol>\n<p>19.1 Qualsiasi convenzione derogativa e\/o integrativa rispetto al testo delle presenti Condizioni Generali di Vendita non avr\u00e0 validit\u00e0 se non formulata per iscritto ed espressamente approvata da SI-EL.<\/p>\n<p>19.2 L\u2019eventuale nullit\u00e0 di una o pi\u00f9 clausole delle presenti Condizioni Generali di Vendita non incide sulla validit\u00e0 delle stesse nel loro complesso, che rimarranno, pertanto, valide ed efficaci.<\/p>\n<ol start=\"20\">\n<li><strong>Comunicazioni<\/strong><\/li>\n<\/ol>\n<p>20. 1 Qualsiasi comunicazione diretta da una parte all\u2019altra relativa alle presenti Condizioni Generali di Vendita dovr\u00e0 essere inviata per iscritto (a mano, per e-mail, telefax o posta prioritaria) presso la sede legale di ciascuna delle parti, ove ciascuna di esse elegge il proprio domini.<\/p>\n<\/div>\n<\/div>\n<\/div>\n<\/div>\n<\/div>\n<\/div>\n<\/div>\n<\/div>\n<\/article>\n<\/div>\n<p>[\/vc_column_text][\/vc_column][\/vc_row][vc_row][vc_column][vc_empty_space height=&#8221;64px&#8221;][\/vc_column][\/vc_row]<\/p>\n<\/div>","protected":false},"excerpt":{"rendered":"<p>[vc_row][vc_column][vc_empty_space height=&#8221;64px&#8221;][vc_column_text css=&#8221;&#8221;] CONDIZIONI GENERALI DI VENDITA &nbsp; Applicazione delle Condizioni 1.1 Le presenti Condizioni Generali di Vendita regolano tutti i rapporti tra SI-EL\u00a0 s.r.l\u00a0 via Sansovino 217 10151 Torino (di seguito \u201cSI-EL\u201d), nella sua qualit\u00e0 di distributore, ed il Cliente, se non espressamente derogate da condizioni particolari accettate per iscritto dalla stessa SI-EL. Natura [&hellip;]<\/p>\n","protected":false},"author":1,"featured_media":0,"parent":0,"menu_order":0,"comment_status":"closed","ping_status":"closed","template":"","meta":{"footnotes":""},"class_list":["post-8421","page","type-page","status-publish","hentry"],"_links":{"self":[{"href":"http:\/\/www.si-el.it\/electronics\/wp-json\/wp\/v2\/pages\/8421","targetHints":{"allow":["GET"]}}],"collection":[{"href":"http:\/\/www.si-el.it\/electronics\/wp-json\/wp\/v2\/pages"}],"about":[{"href":"http:\/\/www.si-el.it\/electronics\/wp-json\/wp\/v2\/types\/page"}],"author":[{"embeddable":true,"href":"http:\/\/www.si-el.it\/electronics\/wp-json\/wp\/v2\/users\/1"}],"replies":[{"embeddable":true,"href":"http:\/\/www.si-el.it\/electronics\/wp-json\/wp\/v2\/comments?post=8421"}],"version-history":[{"count":4,"href":"http:\/\/www.si-el.it\/electronics\/wp-json\/wp\/v2\/pages\/8421\/revisions"}],"predecessor-version":[{"id":8462,"href":"http:\/\/www.si-el.it\/electronics\/wp-json\/wp\/v2\/pages\/8421\/revisions\/8462"}],"wp:attachment":[{"href":"http:\/\/www.si-el.it\/electronics\/wp-json\/wp\/v2\/media?parent=8421"}],"curies":[{"name":"wp","href":"https:\/\/api.w.org\/{rel}","templated":true}]}}