{"id":8343,"date":"2025-03-09T20:33:47","date_gmt":"2025-03-09T20:33:47","guid":{"rendered":"https:\/\/www.si-el.lucarulvoni.it\/electronics\/?page_id=8343"},"modified":"2025-06-15T07:19:44","modified_gmt":"2025-06-15T07:19:44","slug":"chi-siamo","status":"publish","type":"page","link":"http:\/\/www.si-el.it\/electronics\/chi-siamo\/","title":{"rendered":"Chi siamo"},"content":{"rendered":"<div class=\"wpb-content-wrapper\"><p>[vc_row][vc_column width=&#8221;1\/2&#8243; css=&#8221;.vc_custom_1741552707899{margin-top: 55px !important;}&#8221;][vc_single_image image=&#8221;8217&#8243; img_size=&#8221;large&#8221; css=&#8221;&#8221;][vc_column_text css=&#8221;&#8221;]<\/p>\n<p>Scegliere la SI-EL SRL significa affidarsi a un <strong>partner affidabile<\/strong> e <strong>innovativo<\/strong>, che mette il cliente al centro di ogni operazione. La nostra esperienza, unita a un sistema di gestione della qualit\u00e0 rigoroso e a una strategia di crescita orientata all\u2019eccellenza, ci permette di offrire soluzioni all\u2019avanguardia e di mantenere una posizione competitiva nel mercato della <strong>componentistica elettronica<\/strong>.[\/vc_column_text][\/vc_column][vc_column width=&#8221;1\/2&#8243; css=&#8221;.vc_custom_1741552694375{margin-top: 55px !important;}&#8221;][vc_column_text css=&#8221;&#8221;]La SI-EL SRL nasce nel 2022 dalla consolidata esperienza del suo fondatore, maturata come agente di commercio e funzionario di vendita nel settore della distribuzione di componenti elettronici. La nostra azienda si propone di diventare un distributore indipendente di eccellenza, instaurando collaborazioni dirette con produttori e distributori ufficiali in Europa e a livello internazionale.<\/p>\n<p><strong>La Nostra Missione<\/strong><\/p>\n<p>Il nostro obiettivo \u00e8 garantire la massima soddisfazione del cliente, offrendo prodotti e servizi di qualit\u00e0 superiore. Puntiamo a:<\/p>\n<ul>\n<li>Ottimizzare l\u2019acquisto di numerosi marchi, superando la concorrenza sul mercato ufficiale.<\/li>\n<li>Creare una rete di collaborazioni dirette con produttori e distributori, assicurando efficienza e affidabilit\u00e0 in ogni fase della distribuzione.<\/li>\n<\/ul>\n<p><strong>Strategia e Crescita<\/strong><\/p>\n<p>Dal 2024, stiamo ampliando il nostro raggio d\u2019azione per diventare distributori ufficiali con franchise dirette nel campo dell\u2019elettronica, collaborando con produttori di connettori e LCD. Le nostre principali strategie includono:<\/p>\n<ul>\n<li><strong>Espansione geografica:<\/strong> Focalizzazione sul mercato nazionale, con particolare attenzione a regioni del Nord Italia.<\/li>\n<li><strong>Visibilit\u00e0 e Comunicazione:<\/strong> Incremento della presenza online e nelle fiere di settore.<\/li>\n<li><strong>Collaborazioni di Qualit\u00e0:<\/strong> Sviluppo di relazioni dirette con produttori e distributori che garantiscano standard elevati e innovazione continua.<\/li>\n<\/ul>\n<p><strong>Qualit\u00e0 e Innovazione<\/strong><\/p>\n<p>Per noi, la qualit\u00e0 \u00e8 la base del successo. La SI-EL SRL ha adottato un Sistema di Gestione Qualit\u00e0 conforme alla norma UNI EN ISO 9001:2015, che ci consente di:<\/p>\n<ul>\n<li>Emettere e riesaminare periodicamente la Politica della Qualit\u00e0.<\/li>\n<li>Diffondere e attuare tale politica a tutti i livelli aziendali.<\/li>\n<li>Monitorare e migliorare costantemente i nostri processi, assicurando la conformit\u00e0 alle normative vigenti in materia di sicurezza, salute dei lavoratori e tutela ambientale.<\/li>\n<li>Formare continuamente il personale per mantenere elevati standard di professionalit\u00e0 e aggiornamento.<\/li>\n<\/ul>\n<p>[\/vc_column_text][\/vc_column][\/vc_row]<\/p>\n<\/div>","protected":false},"excerpt":{"rendered":"<p>[vc_row][vc_column width=&#8221;1\/2&#8243; css=&#8221;.vc_custom_1741552707899{margin-top: 55px !important;}&#8221;][vc_single_image image=&#8221;8217&#8243; img_size=&#8221;large&#8221; css=&#8221;&#8221;][vc_column_text css=&#8221;&#8221;] Scegliere la SI-EL SRL significa affidarsi a un partner affidabile e innovativo, che mette il cliente al centro di ogni operazione. La nostra esperienza, unita a un sistema di gestione della qualit\u00e0 rigoroso e a una strategia di crescita orientata all\u2019eccellenza, ci permette di offrire soluzioni [&hellip;]<\/p>\n","protected":false},"author":1,"featured_media":0,"parent":0,"menu_order":0,"comment_status":"closed","ping_status":"closed","template":"","meta":{"footnotes":""},"class_list":["post-8343","page","type-page","status-publish","hentry"],"_links":{"self":[{"href":"http:\/\/www.si-el.it\/electronics\/wp-json\/wp\/v2\/pages\/8343","targetHints":{"allow":["GET"]}}],"collection":[{"href":"http:\/\/www.si-el.it\/electronics\/wp-json\/wp\/v2\/pages"}],"about":[{"href":"http:\/\/www.si-el.it\/electronics\/wp-json\/wp\/v2\/types\/page"}],"author":[{"embeddable":true,"href":"http:\/\/www.si-el.it\/electronics\/wp-json\/wp\/v2\/users\/1"}],"replies":[{"embeddable":true,"href":"http:\/\/www.si-el.it\/electronics\/wp-json\/wp\/v2\/comments?post=8343"}],"version-history":[{"count":11,"href":"http:\/\/www.si-el.it\/electronics\/wp-json\/wp\/v2\/pages\/8343\/revisions"}],"predecessor-version":[{"id":8565,"href":"http:\/\/www.si-el.it\/electronics\/wp-json\/wp\/v2\/pages\/8343\/revisions\/8565"}],"wp:attachment":[{"href":"http:\/\/www.si-el.it\/electronics\/wp-json\/wp\/v2\/media?parent=8343"}],"curies":[{"name":"wp","href":"https:\/\/api.w.org\/{rel}","templated":true}]}}